{"id":170,"date":"2024-07-25T17:20:06","date_gmt":"2024-07-25T17:20:06","guid":{"rendered":"https:\/\/annabrull.com\/?page_id=170"},"modified":"2024-11-13T20:44:44","modified_gmt":"2024-11-13T20:44:44","slug":"politica-de-privadesa","status":"publish","type":"page","link":"https:\/\/annabrull.com\/ca\/privacy-policy\/","title":{"rendered":"Pol\u00edtica de privacitat"},"content":{"rendered":"<h3 class=\"wp-block-heading\">Pol\u00edtica de privacitat<br><\/h3>\n\n<p>La titular d&#039;aquesta web \u00e9s Anna Brull Pi\u00f1ol.<br><a href=\"https:\/\/annabrull.com\/ca\/empremta\/\">Visita Imprint.<\/a><\/p><p><span style=\"background-color: initial;\"><b>Comentaris<\/b><\/span><\/p><p>Quan els visitants deixen comentaris al lloc, recollim les dades que es mostren al formulari de comentaris, i tamb\u00e9 l&#039;adre\u00e7a IP del visitant i la cadena d&#039;agent d&#039;usuari del navegador per ajudar a la detecci\u00f3 de correu brossa.<\/p><p><b>Contingut incrustat d&#039;altres llocs web<\/b><\/p><p>Els articles d&#039;aquest lloc poden incloure contingut incrustat (per exemple, v\u00eddeos, imatges, articles, etc.). El contingut incrustat d&#039;altres llocs web es comporta exactament de la mateixa manera que si el visitant hagu\u00e9s visitat l&#039;altre lloc web.<\/p><p>Aquests llocs web poden recopilar dades sobre tu, utilitzar galetes, incrustar un seguiment addicional de tercers i supervisar la teva interacci\u00f3 amb aquest contingut incrustat, incl\u00f2s el seguiment de la teva interacci\u00f3 amb el contingut incrustat si tens un compte i est\u00e0s connectat a aquest lloc web.<\/p><p><b><span style=\"background-color: initial;\">Amb qui compartim les teves dades<\/span><\/b><\/p><p><span style=\"background-color: initial;\">Ning\u00fa.&nbsp;&nbsp;<\/span><\/p><p><b><span style=\"background-color: initial;\">Quant de temps conservem les vostres dades<\/span><\/b><\/p><p>Per als usuaris que es registren al nostre lloc web (si n&#039;hi ha), tamb\u00e9 emmagatzemem la informaci\u00f3 personal que proporcionen al seu perfil d&#039;usuari. Tots els usuaris poden veure, editar o suprimir la seva informaci\u00f3 personal en qualsevol moment (excepte que no poden canviar el seu nom d&#039;usuari). Els administradors del lloc web tamb\u00e9 poden veure i editar aquesta informaci\u00f3.<\/p><p><span style=\"background-color: initial;\"><b>Quins drets tens sobre les teves dades<\/b><\/span><\/p><p>Si teniu un compte en aquest lloc, us heu inscrit al nostre butllet\u00ed o heu deixat comentaris, podeu sol\u00b7licitar rebre un fitxer exportat de les dades personals que tenim sobre vosaltres, incloses les dades que ens h\u00e0giu proporcionat. Tamb\u00e9 podeu sol\u00b7licitar que esborrem les dades personals que tenim sobre vosaltres. Aix\u00f2 no inclou cap dada que estem obligats a conservar amb finalitats administratives, legals o de seguretat.<\/p><p><b>On s&#039;envien les teves dades<\/b><\/p><p><span style=\"background-color: initial;\">Els comentaris dels visitants i les inscripcions al butllet\u00ed es poden comprovar mitjan\u00e7ant un servei automatitzat de detecci\u00f3 de correu brossa.<\/span><br><\/p><p>Els visitants s\u00f3n rastrejats amb Independent Analytics, totalment compatible amb GDPR i sense galetes establertes. Si us plau <a href=\"https:\/\/independentwp.com\/privacy-policy\/\">consulteu la seva Pol\u00edtica de privadesa<\/a> per als detalls.<\/p>","protected":false},"excerpt":{"rendered":"<p>Privacy Policy The owner of this website is Anna Brull Pi\u00f1ol.Visit Imprint. Comments When visitors leave comments on the site we collect the data shown in the comments form, and also the visitor\u2019s IP address and browser user agent string to help spam detection. Embedded content from other websites Articles on this site may include [&hellip;]<\/p>\n","protected":false},"author":1,"featured_media":0,"parent":0,"menu_order":1000,"comment_status":"closed","ping_status":"closed","template":"","meta":{"iawp_total_views":30,"footnotes":""},"class_list":["post-170","page","type-page","status-publish","hentry"],"_links":{"self":[{"href":"https:\/\/annabrull.com\/ca\/wp-json\/wp\/v2\/pages\/170","targetHints":{"allow":["GET"]}}],"collection":[{"href":"https:\/\/annabrull.com\/ca\/wp-json\/wp\/v2\/pages"}],"about":[{"href":"https:\/\/annabrull.com\/ca\/wp-json\/wp\/v2\/types\/page"}],"author":[{"embeddable":true,"href":"https:\/\/annabrull.com\/ca\/wp-json\/wp\/v2\/users\/1"}],"replies":[{"embeddable":true,"href":"https:\/\/annabrull.com\/ca\/wp-json\/wp\/v2\/comments?post=170"}],"version-history":[{"count":7,"href":"https:\/\/annabrull.com\/ca\/wp-json\/wp\/v2\/pages\/170\/revisions"}],"predecessor-version":[{"id":768,"href":"https:\/\/annabrull.com\/ca\/wp-json\/wp\/v2\/pages\/170\/revisions\/768"}],"wp:attachment":[{"href":"https:\/\/annabrull.com\/ca\/wp-json\/wp\/v2\/media?parent=170"}],"curies":[{"name":"wp","href":"https:\/\/api.w.org\/{rel}","templated":true}]}}